{"id":8,"date":"2019-03-22T14:24:16","date_gmt":"2019-03-22T14:24:16","guid":{"rendered":"http:\/\/tmp.turskilt.no\/?page_id=2"},"modified":"2019-05-01T10:57:28","modified_gmt":"2019-05-01T10:57:28","slug":"sample-page","status":"publish","type":"page","link":"https:\/\/www.turskilt.no\/?page_id=8","title":{"rendered":"Turskilt"},"content":{"rendered":"\n<blockquote class=\"wp-block-quote\"><h6>Nedlasting av skiltskjema og brosjyrer<\/h6><span style=\"font-size:.8em;\">\n\n<a rel=\"noreferrer noopener\" aria-label=\"Last ned skiltskjema her (Excel dokument) (opens in a new tab)\" href=\"http:\/\/www.turskilt.no\/wp-content\/uploads\/2019\/04\/SKILTSKJEMA.xls\" target=\"_blank\">Last ned skiltskjema<\/a>\n<br>\n<a rel=\"noreferrer noopener\" aria-label=\"Last ned sjekkliste f\u00f8r bestilling (opens in a new tab)\" href=\"http:\/\/www.turskilt.no\/wp-content\/uploads\/2019\/04\/Sjekkliste-f\u00f8r-bestilling.pdf\" target=\"_blank\">Last ned sjekkliste f\u00f8r bestilling<\/a>\n<br>\n<a href=\"http:\/\/www.turskilt.no\/wp-content\/uploads\/2019\/04\/Turskilt_Utmarksressurs_10mm-oppskumma-plast.pdf\" target=\"_blank\" rel=\"noreferrer noopener\" aria-label=\"Last ned turskilt i ulike alternativ i oppskumma plast (Pdf fil) (opens in a new tab)\">Last ned brosjyre ulike alternativ i oppskumma plast<\/a>\n<br>\n<a rel=\"noreferrer noopener\" aria-label=\"Last ned turskilt i ulike alternativ i aluminium (Pdf fil) (opens in a new tab)\" href=\"http:\/\/www.turskilt.no\/wp-content\/uploads\/2019\/04\/Turskilt_Utmarksressurs_ulike-alternativ-i-aluminium.pdf\" target=\"_blank\">Last ned brosjyre ulike alternativ i aluminium<\/a>\n<br>\n<\/span><\/blockquote>\n\n\n\n<hr class=\"wp-block-separator\"\/>\n\n\n\n<p>V\u00e5re produkt tek utgangspunkt i den nasjonale standarden som er utarbeidd gjennom eit bredt samarbeid mellom Gjensidigestiftelsen, fleire friluftslivsorganisasjonar, reiselivet og offentlege myndigheiter. Alle v\u00e5re produkt er i tr\u00e5d med anbefalingar i merkehandboka.<\/p>\n\n\n\n<p>Lang levetid p\u00e5 skilt gjev v\u00e5re produkt eit fortrinn. V\u00e5rt hovudprodukt er skilt med 10 mm tjukk plate av oppskumma plast, med topplist i aluminium. Print av tekst, symbol, kart og annan informasjon skjer p\u00e5 folie som igjen er belagt med ekstra laminatbeskyttelse med UV-filter. Plate er gjennomfarga gr\u00f8n, med ein mattare farge p\u00e5 bakside og kantar. Alle skilt i oppskumma plast har ei topplist, ein u-profil, i aluminium som forsterkar plate, og gjev ytterlegare forlenga levetid. Det geniale med aluminiums-profilen er at den g\u00e5r lenger ned p\u00e5 skiltplate p\u00e5 bakside. Dette gjer det mogleg \u00e5 sette \u00f8vre festeskrue gjennom aluminium og montering blir derfor ekstra solid.<\/p>\n\n\n\n<p>Vi levera ogs\u00e5 fleire variantar av skilt i aluminium. Alle v\u00e5re skilt er 100% resirkulerbare. Den lange levetida gjer produktet ein milj\u00f8messig gevinst.<\/p>\n\n\n\n<p>Alle skilt fr\u00e5 oss f\u00e5r eit unikt ID-nummer. Vi lagrar all informasjon om skilt vi levera i ein database. I v\u00e5r korrespondanse med kunde brukar vi standard filer. Systemet gjev god kvalitetssikring og vi kan enkelt spore kvart produserte skilt for kunde.<\/p>\n\n\n\n<p>V\u00e5r presentasjon her viser eit lite utval av dei mest aktuelle skilt til merking av turl\u00f8yper.<\/p>\n\n\n\n<p class=\"has-medium-font-size\"><strong>Oppskumma plast med aluminium topplist (hovudprodukt)<\/strong><\/p>\n\n\n\n<table class=\"wp-block-table\"><tbody><tr><td>Plate:<\/td><td> 10 mm, gjennomfarga gr\u00f8n <\/td><\/tr><tr><td>Tekst og anna info:<\/td><td>Printa p\u00e5 heildekkande folie<\/td><\/tr><tr><td>UV-beskyttelse:<\/td><td>Ekstra lag folie p\u00e5 framside med UV-beskyttelse<\/td><\/tr><tr><td>Bakside og kantar:<\/td><td>Utan folie\/behandling, m\u00f8rk gr\u00f8nfarge<\/td><\/tr><tr><td>Stolpar:<\/td><td>Trestolpa<\/td><\/tr><tr><td>Feste og montering:<\/td><td>Gjennomg\u00e5ande skruar. Vi anbefala \u00abfarmerskruar\u00bb med gummiskive. Ved tre eller fleire skilt anbefala vi to stolpar.<\/td><\/tr><tr><td>Andre fakta:<\/td><td>Rimeleg l\u00f8ysing, v\u00e5rt hovudprodukt som vi levera absolutt mest av. Til klassiske turl\u00f8yper gjennom skog og mark. Robust skilt som har kome godt ut i turistforeininga sin test. F\u00f8rste skilta monterte vi opp i 2008, desse st\u00e5r like fine enno.<\/td><\/tr><\/tbody><\/table>\n\n\n\n<hr class=\"wp-block-separator\"\/>\n\n\n\n<figure class=\"wp-block-image\"><img loading=\"lazy\" width=\"1024\" height=\"576\" src=\"http:\/\/www.turskilt.no\/wp-content\/uploads\/2019\/04\/sorbarvegetasjon-1024x576.jpg\" alt=\"\" class=\"wp-image-185\" srcset=\"https:\/\/www.turskilt.no\/wp-content\/uploads\/2019\/04\/sorbarvegetasjon-1024x576.jpg 1024w, https:\/\/www.turskilt.no\/wp-content\/uploads\/2019\/04\/sorbarvegetasjon-600x337.jpg 600w, https:\/\/www.turskilt.no\/wp-content\/uploads\/2019\/04\/sorbarvegetasjon-300x169.jpg 300w, https:\/\/www.turskilt.no\/wp-content\/uploads\/2019\/04\/sorbarvegetasjon-768x432.jpg 768w, https:\/\/www.turskilt.no\/wp-content\/uploads\/2019\/04\/sorbarvegetasjon.jpg 1385w\" sizes=\"(max-width: 1024px) 100vw, 1024px\" \/><figcaption> <br><span style=\"float:left;\">Skilt montert opp 950 moh. i 2012. Bilde er fr\u00e5 2016.<br><br><\/span>\n<span style=\"float:right;\">Foto: Utmarksressurs AS<\/span><\/figcaption><\/figure>\n\n\n\n<p><\/p>\n\n\n\n<p><\/p>\n\n\n\n<figure class=\"wp-block-image\"><img loading=\"lazy\" width=\"1024\" height=\"381\" src=\"http:\/\/www.turskilt.no\/wp-content\/uploads\/2019\/04\/skilt-1024x381.jpg\" alt=\"\" class=\"wp-image-143\" srcset=\"https:\/\/www.turskilt.no\/wp-content\/uploads\/2019\/04\/skilt-1024x381.jpg 1024w, https:\/\/www.turskilt.no\/wp-content\/uploads\/2019\/04\/skilt-600x223.jpg 600w, https:\/\/www.turskilt.no\/wp-content\/uploads\/2019\/04\/skilt-300x112.jpg 300w, https:\/\/www.turskilt.no\/wp-content\/uploads\/2019\/04\/skilt-768x286.jpg 768w, https:\/\/www.turskilt.no\/wp-content\/uploads\/2019\/04\/skilt.jpg 1600w\" sizes=\"(max-width: 1024px) 100vw, 1024px\" \/><figcaption> <br>\n<span style=\"float:right;\">Foto: Utmarksressurs AS<\/span>\n<span style=\"float:left;\">Eit av dei f\u00f8rste turskilta som vart produsert p\u00e5 Fluor-Lux AS, montert opp i 2008.<\/span><span style=\"float:left;\">Bilde er fr\u00e5 april 2017. Merk: Utan aluminium topplist.<\/span><br><\/figcaption><\/figure>\n\n\n\n<hr class=\"wp-block-separator\"\/>\n\n\n\n<figure class=\"wp-block-image\"><img loading=\"lazy\" width=\"768\" height=\"1024\" src=\"http:\/\/www.turskilt.no\/wp-content\/uploads\/2019\/04\/skilt3-768x1024.jpg\" alt=\"\" class=\"wp-image-191\" srcset=\"https:\/\/www.turskilt.no\/wp-content\/uploads\/2019\/04\/skilt3-768x1024.jpg 768w, https:\/\/www.turskilt.no\/wp-content\/uploads\/2019\/04\/skilt3-600x800.jpg 600w, https:\/\/www.turskilt.no\/wp-content\/uploads\/2019\/04\/skilt3-225x300.jpg 225w\" sizes=\"(max-width: 768px) 100vw, 768px\" \/><figcaption> <br><span style=\"float:left;\">Vi f\u00f8lger nasjonal standard for utforming av skilt.<\/span> <br><\/figcaption><\/figure>\n\n\n\n<hr class=\"wp-block-separator\"\/>\n\n\n\n<p class=\"has-medium-font-size\"><strong>Ulike alternativ med aluminium som materiale<\/strong><\/p>\n\n\n\n<p><strong>Aluminium med knekt kant oppe\/nede<\/strong><\/p>\n\n\n\n<table class=\"wp-block-table\"><tbody><tr><td>Materiale:<\/td><td>1,5 mm aluminium med knekt kant oppe og nede<\/td><\/tr><tr><td>Overflatebehandling:<\/td><td>Lakkert gr\u00f8n<\/td><\/tr><tr><td>Tekst og anna info:<\/td><td>Printa p\u00e5 heildekkande folie<\/td><\/tr><tr><td>Stolpar:<\/td><td>St\u00e5l (men kan ogs\u00e5 monterast p\u00e5 trestolpar)<\/td><\/tr><tr><td>Feste til stolpe:<\/td><td>Klammer for skjult montering, \u00d860 eller \u00d889. <br>Midstilt montering. Skilt levert ferdig bora for klammer<\/td><\/tr><tr><td>Andre fakta:<\/td><td>Passar langs l\u00f8yper n\u00e6r bebygd omr\u00e5de d\u00e5 skilt og montering vil harmonere med andre vegskilt. V\u00e5re kundar har ogs\u00e5 valt denne l\u00f8ysing i s\u00e6rleg v\u00earharde omr\u00e5de d\u00e5 stolpe og montering er robust mot vind.<\/td><\/tr><\/tbody><\/table>\n\n\n\n<hr class=\"wp-block-separator\"\/>\n\n\n\n<figure class=\"wp-block-image is-resized\"><img src=\"http:\/\/www.turskilt.no\/wp-content\/uploads\/2019\/04\/skilt4_scaled-572x1024.jpg\" alt=\"\" class=\"wp-image-443\" width=\"768\" srcset=\"https:\/\/www.turskilt.no\/wp-content\/uploads\/2019\/04\/skilt4_scaled-572x1024.jpg 572w, https:\/\/www.turskilt.no\/wp-content\/uploads\/2019\/04\/skilt4_scaled-168x300.jpg 168w, https:\/\/www.turskilt.no\/wp-content\/uploads\/2019\/04\/skilt4_scaled.jpg 768w\" sizes=\"(max-width: 572px) 100vw, 572px\" \/><figcaption><span style=\"float:right;\">Foto: Vester\u00e5len friluftsr\u00e5d<\/span><\/figcaption><\/figure>\n\n\n\n<hr class=\"wp-block-separator\"\/>\n\n\n\n<figure class=\"wp-block-image is-resized\"><img loading=\"lazy\" src=\"http:\/\/www.turskilt.no\/wp-content\/uploads\/2019\/04\/skilt5.jpg\" alt=\"\" class=\"wp-image-209\" width=\"768\" height=\"545\"\/><figcaption><span style=\"float:right;\">Foto: Vester\u00e5len friluftsr\u00e5d <\/span><\/figcaption><\/figure>\n\n\n\n<hr class=\"wp-block-separator\"\/>\n\n\n\n<p><strong>Veiviser<\/strong><\/p>\n\n\n\n<table class=\"wp-block-table\"><tbody><tr><td>Materiale: <\/td><td>3 mm aluminium<\/td><\/tr><tr><td>Overflatebehandling:    <\/td><td>Lakkert gr\u00f8n<\/td><\/tr><tr><td>Tekst og anna info:<\/td><td>Printa p\u00e5 heildekkande folie<\/td><\/tr><tr><td>Stolpar:<\/td><td>St\u00e5l (men kan ogs\u00e5 monterast p\u00e5 trestolpar)<\/td><\/tr><tr><td>Feste til stolpe:<\/td><td>Skrur i stolpe, eller bruk av gummierte strammeband<\/td><\/tr><tr><td>Skruar:    <\/td><td>&#8220;Farmerskruar&#8221; med gummiskive.<\/td><\/tr><tr><td>Andre fakta:    <\/td><td>Mindre skilt som ikkje stikk langt ut fr\u00e5 stolpe, ein fordel langs fortau. Vil ikkje ta vekk merksemd fr\u00e5 andre vegskilt. Tekst p\u00e5 ei eller to sider. Kan montere opp 3-4 i same h\u00f8gd. Eit rimelegare alternativ i materialet aluminium d\u00e5 ein slepp klammer. <br>Ein forsterka versjon kan leverast til bruk i h\u00f8gfjell der sn\u00f8-\/vind-forhold er ekstra harde.<\/td><\/tr><\/tbody><\/table>\n\n\n\n<hr class=\"wp-block-separator\"\/>\n\n\n\n<div class=\"wp-block-image\"><figure class=\"aligncenter is-resized\"><img src=\"http:\/\/www.turskilt.no\/wp-content\/uploads\/2019\/04\/skilt6.jpg\" alt=\"\" class=\"wp-image-245\" width=\"768\" srcset=\"https:\/\/www.turskilt.no\/wp-content\/uploads\/2019\/04\/skilt6.jpg 480w, https:\/\/www.turskilt.no\/wp-content\/uploads\/2019\/04\/skilt6-225x300.jpg 225w\" sizes=\"(max-width: 480px) 100vw, 480px\" \/><figcaption><span style=\"float:right;\">Foto: Utmarksressurs AS<\/span><\/figcaption><\/figure><\/div>\n\n\n\n<figure class=\"wp-block-image is-resized\"><img src=\"http:\/\/www.turskilt.no\/wp-content\/uploads\/2019\/04\/skilt7.jpg\" alt=\"\" class=\"wp-image-248\" width=\"768\" srcset=\"https:\/\/www.turskilt.no\/wp-content\/uploads\/2019\/04\/skilt7.jpg 640w, https:\/\/www.turskilt.no\/wp-content\/uploads\/2019\/04\/skilt7-600x450.jpg 600w, https:\/\/www.turskilt.no\/wp-content\/uploads\/2019\/04\/skilt7-300x225.jpg 300w\" sizes=\"(max-width: 640px) 100vw, 640px\" \/><figcaption><span style=\"float:right;\">Foto: Utmarksressurs AS<\/span><\/figcaption><\/figure>\n\n\n\n<p><strong>Endemontert<\/strong><\/p>\n\n\n\n<table class=\"wp-block-table\"><tbody><tr><td>Materiale: <\/td><td>3 mm aluminium<\/td><\/tr><tr><td>Overflatebehandling:    <\/td><td>Ingen<\/td><\/tr><tr><td>Tekst og anna info:    <\/td><td>Printa p\u00e5 heildekkande folie<\/td><\/tr><tr><td>Stolpar:<\/td><td> <br>St\u00e5l (men kan ogs\u00e5 monterast p\u00e5 trestolpar) <\/td><\/tr><tr><td>Feste til stolpe:<\/td><td>Klammer med klavar rundt stolpe. Skilt levert ferdig bora for klammer<\/td><\/tr><tr><td>Andre fakta:<\/td><td>Tekst p\u00e5 ei eller to sider. Peikar tydeleg i retning turm\u00e5l ligg. Kan ta seg godt ut som eit blikkfang ved startpunkt. Men kan  ogs\u00e5 nyttast langs alle delar av l\u00f8yper. Tekst p\u00e5 ei eller begge sider<\/td><\/tr><\/tbody><\/table>\n\n\n\n<hr class=\"wp-block-separator\"\/>\n\n\n\n<div class=\"wp-block-media-text\"><figure class=\"wp-block-media-text__media\"><img loading=\"lazy\" width=\"311\" height=\"653\" src=\"http:\/\/www.turskilt.no\/wp-content\/uploads\/2019\/04\/skilt8.jpg\" alt=\"\" class=\"wp-image-254\" srcset=\"https:\/\/www.turskilt.no\/wp-content\/uploads\/2019\/04\/skilt8.jpg 311w, https:\/\/www.turskilt.no\/wp-content\/uploads\/2019\/04\/skilt8-143x300.jpg 143w\" sizes=\"(max-width: 311px) 100vw, 311px\" \/><\/figure><div class=\"wp-block-media-text__content\">\n<p>Alle skilt fr\u00e5 oss blir levert ferdig bora for klammer. Vi kan levere det meste av klammer, lakkert eller ulakkert. Stolpar er dyrt \u00e5 frakte grunna vekt og storleik. Vi oppfordrar alle v\u00e5re kundar til \u00e5 skaffe stolpar lokalt. <\/p>\n<\/div><\/div>\n\n\n\n<hr class=\"wp-block-separator\"\/>\n","protected":false},"excerpt":{"rendered":"<p>Nedlasting av skiltskjema og brosjyrer Last ned skiltskjema Last ned sjekkliste f\u00f8r bestilling Last ned brosjyre ulike alternativ i oppskumma plast Last ned brosjyre ulike alternativ i aluminium V\u00e5re produkt tek utgangspunkt i den nasjonale standarden som er utarbeidd gjennom eit bredt samarbeid mellom Gjensidigestiftelsen, fleire friluftslivsorganisasjonar, reiselivet og offentlege [&hellip;]<\/p>\n","protected":false},"author":5,"featured_media":0,"parent":0,"menu_order":0,"comment_status":"closed","ping_status":"open","template":"","meta":[],"_links":{"self":[{"href":"https:\/\/www.turskilt.no\/index.php?rest_route=\/wp\/v2\/pages\/8"}],"collection":[{"href":"https:\/\/www.turskilt.no\/index.php?rest_route=\/wp\/v2\/pages"}],"about":[{"href":"https:\/\/www.turskilt.no\/index.php?rest_route=\/wp\/v2\/types\/page"}],"author":[{"embeddable":true,"href":"https:\/\/www.turskilt.no\/index.php?rest_route=\/wp\/v2\/users\/5"}],"replies":[{"embeddable":true,"href":"https:\/\/www.turskilt.no\/index.php?rest_route=%2Fwp%2Fv2%2Fcomments&post=8"}],"version-history":[{"count":50,"href":"https:\/\/www.turskilt.no\/index.php?rest_route=\/wp\/v2\/pages\/8\/revisions"}],"predecessor-version":[{"id":742,"href":"https:\/\/www.turskilt.no\/index.php?rest_route=\/wp\/v2\/pages\/8\/revisions\/742"}],"wp:attachment":[{"href":"https:\/\/www.turskilt.no\/index.php?rest_route=%2Fwp%2Fv2%2Fmedia&parent=8"}],"curies":[{"name":"wp","href":"https:\/\/api.w.org\/{rel}","templated":true}]}}