{"id":32,"date":"2019-03-22T14:38:41","date_gmt":"2019-03-22T14:38:41","guid":{"rendered":"http:\/\/tmp.turskilt.no\/?page_id=32"},"modified":"2026-03-10T11:42:40","modified_gmt":"2026-03-10T11:42:40","slug":"home","status":"publish","type":"page","link":"https:\/\/www.turskilt.no\/","title":{"rendered":"Heim"},"content":{"rendered":"\n<div class=\"col-md-6\">\n<h6 style=\"padding-top:.5em;\">Tilpassa eit r\u00f8ft nordisk klima<\/h6>\n<p style=\"font-size:99%;&gt;Utmarksressurs AS tilbyr eit komplett produkt etter nasjonal standard utarbeidd av turistforeininga, innovativ fjellturisme mfl.&lt;\/p&gt;\n&lt;p style=\" font-size:99%;\"=\"\">Vi er ein av f\u00e5 anbefalte leverand\u00f8rar av turskilt og informasjonstavler. Vi har vore med heilt sidan tidleg startfase av turskiltprosjektet. Vi har 10 \u00e5rs erfaring med produksjon av turskilt.<\/p>\n<p style=\"font-size:99%;\">Vi levera turskilt til heile Norge, skilta v\u00e5re er \u00e5 finne i alle kantar av landet. Vi hjelper ogs\u00e5 kundar med \u00e5 lage tavler etter standard utforming skildra i \u00abManual turskiltprosjektet\u00bb. Vi har programvare til \u00e5 lagre temadata p\u00e5 kart, og kan levere kart til tavler, bruk p\u00e5 heimesider etc.<\/p>\n<p style=\"font-size:99%;\">Ta gjerne kontakt for ein skiltprat, eller be om brosjyrar. Vi har erfaring med montering av ulike stolper\/skilt, og kan gje gode tips.<\/p>\n<h6>Turskilt (retningsskilt)<\/h6>\n<ul style=\"font-size:99%;\"><li>Skilt med ordin\u00e6r utforming (symbol, tekst, avstand, pil)\n<ul>\n<li>Toppskilt<\/li>\n<li>Pilskilt med symbol for punkt av interesse<\/li>\n<li>Varselskilt<\/li>\n<\/ul>\n<\/li><li>Ulike typar mellom-merking<\/li><li>Informasjonstavle til startpunkt med kart<\/li><li>Enkle karttavler til plassering langs l\u00f8ype<\/li><\/ul>\n<\/div>\n\n\n\n<p class=\"has-text-align-center\">Normalt er det ekstra stor p\u00e5gang med mange bestillingar i mai og juni. Det kan medf\u00f8re noko lengre leveringstid i denne perioden. Vi vil anbefale dei som treng skilt f\u00f8r juli \u00e5 v\u00e6re tidleg ute.<\/p>\n\n\n\n<p><br><\/p>\n\n\n\n<div class=\"col-md-6\">\n<blockquote class=\"wp-block-quote\"><h6>Nedlasting av skiltskjema og brosjyrer<\/h6><span style=\"font-size:.8em;\"><b>\n<a rel=\"noreferrer noopener\" aria-label=\"Nedlasting av skiltmanual her\" href=\"https:\/\/www.merkehandboka.no\/wp-content\/uploads\/2019\/03\/4797_skiltmanual.pdf\" target=\"_blank\">Nedlasting av skiltmanual<\/a><\/b><br>\n\n<a rel=\"noreferrer noopener\" aria-label=\"Last ned skiltskjema her (Excel dokument) (opens in a new tab)\" href=\"http:\/\/www.turskilt.no\/wp-content\/uploads\/2019\/04\/SKILTSKJEMA.xls\" target=\"_blank\">Last ned skiltskjema<\/a>\n<br>\n<a rel=\"noreferrer noopener\" aria-label=\"Last ned sjekkliste f\u00f8r bestilling (opens in a new tab)\" href=\"http:\/\/www.turskilt.no\/wp-content\/uploads\/2019\/04\/Sjekkliste-f\u00f8r-bestilling.pdf\" target=\"_blank\">Last ned sjekkliste f\u00f8r bestilling<\/a>\n<br>\n\n<a href=\"https:\/\/www.turskilt.no\/wp-content\/uploads\/2026\/02\/Ulike-alternativ-i-oppskumma-plast.pdf\" target=\"_blank\" rel=\"noreferrer noopener\" aria-label=\"Last ned turskilt i ulike alternativ i oppskumma plast (Pdf fil) (opens in a new tab)\">Last ned brosjyre ulike alternativ i oppskumma plast<\/a>\n<br>\n<a rel=\"noreferrer noopener\" aria-label=\"Last ned turskilt i ulike alternativ i aluminium (Pdf fil) (opens in a new tab)\" href=\"http:\/\/www.turskilt.no\/wp-content\/uploads\/2019\/04\/Turskilt_Utmarksressurs_ulike-alternativ-i-aluminium.pdf\" target=\"_blank\">Last ned brosjyre ulike alternativ i aluminium<\/a>\n<br>\n\n\n<\/span><\/blockquote>\n<blockquote class=\"wp-block-quote\">\n<h6>Kontakt<\/h6><span style=\"font-size:.8em;\"> Ole Runar Aabrekk<br>Telefon<br>90 58 89 82<br>E-post<br> kontakt@turskilt.no<\/span>\n<\/blockquote>\n<blockquote class=\"wp-block-quote\">\n<img src=\"http:\/\/www.turskilt.no\/wp-content\/uploads\/2019\/03\/turskilt.no_.jpg\">\n<\/blockquote>\n<\/div>\n\n\n\n<p><\/p>\n","protected":false},"excerpt":{"rendered":"<p>Tilpassa eit r\u00f8ft nordisk klima<\/p>\n","protected":false},"author":5,"featured_media":0,"parent":0,"menu_order":0,"comment_status":"closed","ping_status":"closed","template":"","meta":[],"_links":{"self":[{"href":"https:\/\/www.turskilt.no\/index.php?rest_route=\/wp\/v2\/pages\/32"}],"collection":[{"href":"https:\/\/www.turskilt.no\/index.php?rest_route=\/wp\/v2\/pages"}],"about":[{"href":"https:\/\/www.turskilt.no\/index.php?rest_route=\/wp\/v2\/types\/page"}],"author":[{"embeddable":true,"href":"https:\/\/www.turskilt.no\/index.php?rest_route=\/wp\/v2\/users\/5"}],"replies":[{"embeddable":true,"href":"https:\/\/www.turskilt.no\/index.php?rest_route=%2Fwp%2Fv2%2Fcomments&post=32"}],"version-history":[{"count":72,"href":"https:\/\/www.turskilt.no\/index.php?rest_route=\/wp\/v2\/pages\/32\/revisions"}],"predecessor-version":[{"id":1090,"href":"https:\/\/www.turskilt.no\/index.php?rest_route=\/wp\/v2\/pages\/32\/revisions\/1090"}],"wp:attachment":[{"href":"https:\/\/www.turskilt.no\/index.php?rest_route=%2Fwp%2Fv2%2Fmedia&parent=32"}],"curies":[{"name":"wp","href":"https:\/\/api.w.org\/{rel}","templated":true}]}}