{"id":103,"date":"2019-04-03T19:15:09","date_gmt":"2019-04-03T19:15:09","guid":{"rendered":"http:\/\/tmp.turskilt.no\/?page_id=103"},"modified":"2019-04-26T06:34:24","modified_gmt":"2019-04-26T06:34:24","slug":"tavler-og-kart","status":"publish","type":"page","link":"https:\/\/www.turskilt.no\/?page_id=103","title":{"rendered":"Tavler og kart"},"content":{"rendered":"\n<blockquote class=\"wp-block-quote\"><h6>Nedlasting<\/h6><span style=\"font-size:.8em;\">\n\n<a rel=\"noreferrer noopener\" aria-label=\"Last ned info f\u00f8r oppstart utarbeiding av tavler (opens in a new tab)\" href=\"http:\/\/www.turskilt.no\/wp-content\/uploads\/2019\/04\/F\u00f8r-oppstart-utarbeiding-av-tavler.pdf\" target=\"_blank\">Last ned info f\u00f8r oppstart utarbeiding av tavler<\/a>\n<br>\n<\/span><\/blockquote>\n\n\n\n<p><strong>Tavler<\/strong><br>Tavler til plassering ved startpunkt p\u00e5 tur, eller enkle karttavler til plassering ved kryss etc. langs rute er produkt vi levera. Vi kan utforme starttavler med tekst, innhald og bilde i eit samarbeid med kunde. Eller ta i mot trykkeferdige filer.<\/p>\n\n\n\n<p>Vi har lisens p\u00e5 bruk av GisLine fr\u00e5 Norkart som gjer at vi kan digitalisere turar og informasjon p\u00e5 eit kartgrunnlag. Grunnlagskart vi levera til skilt er symbolisert lik hovudkartserien \u201dNorge 1:50 000\u201d, slik mange kjenner det fr\u00e5 turkart i papirutg\u00e5ve. Kartet er tilpassa eit m\u00e5lestokkomr\u00e5de som det er aktuelt \u00e5 vise p\u00e5 tavle.<\/p>\n\n\n\n<p>Timebruk vil variere bla. etter kor mykje data som skal inn p\u00e5 kartet. Ta derfor kontakt og vi gjer eit prisoverslag p\u00e5 dykkar prosjekt. Og vi informera om prosessen ved oppsett av ei tavle.<\/p>\n\n\n\n<p>V\u00e5re tavler toler \u00e5 bli montert opp utan skilthus. Vi anbefala bruk av 19mm oppskumma plast p\u00e5 trestolpar. 1,5 mm aluminium p\u00e5 flat vegg. 3 mm aluminium med knekt kant oppe\/nede til tavler som skal monterast p\u00e5 stolpar av st\u00e5l.<\/p>\n\n\n\n<p>Ta kontakt med oss s\u00e5 hjelper vi deg i gong med tavla di.<\/p>\n\n\n\n<hr class=\"wp-block-separator\"\/>\n\n\n\n<figure class=\"wp-block-image\"><img loading=\"lazy\" width=\"1024\" height=\"732\" src=\"http:\/\/www.turskilt.no\/wp-content\/uploads\/2019\/04\/tavle-1024x732.png\" alt=\"\" class=\"wp-image-260\" srcset=\"https:\/\/www.turskilt.no\/wp-content\/uploads\/2019\/04\/tavle-1024x732.png 1024w, https:\/\/www.turskilt.no\/wp-content\/uploads\/2019\/04\/tavle-600x429.png 600w, https:\/\/www.turskilt.no\/wp-content\/uploads\/2019\/04\/tavle-300x214.png 300w, https:\/\/www.turskilt.no\/wp-content\/uploads\/2019\/04\/tavle-768x549.png 768w, https:\/\/www.turskilt.no\/wp-content\/uploads\/2019\/04\/tavle.png 1444w\" sizes=\"(max-width: 1024px) 100vw, 1024px\" \/><\/figure>\n\n\n\n<hr class=\"wp-block-separator\"\/>\n\n\n\n<p><strong>Kart<\/strong><\/p>\n\n\n\n<p>Utmarksressurs lagrar informasjon p\u00e5 kart og levera turkart til trykking p\u00e5 tavler eller til presentasjon p\u00e5 heimesider. Vi bruker same kartprogram som dei fleste kommunar. Format er likt slik du kjenner det fr\u00e5 kartverket sine turkart. <\/p>\n\n\n\n<p>Temadata digitalisert av oss kan ogs\u00e5 presenterast i ulike digitale kartl\u00f8ysingar.<\/p>\n\n\n\n<hr class=\"wp-block-separator\"\/>\n","protected":false},"excerpt":{"rendered":"<p>Nedlasting Last ned info f\u00f8r oppstart utarbeiding av tavler TavlerTavler til plassering ved startpunkt p\u00e5 tur, eller enkle karttavler til plassering ved kryss etc. langs rute er produkt vi levera. Vi kan utforme starttavler med tekst, innhald og bilde i eit samarbeid med kunde. Eller ta i mot trykkeferdige filer. [&hellip;]<\/p>\n","protected":false},"author":5,"featured_media":0,"parent":0,"menu_order":0,"comment_status":"closed","ping_status":"closed","template":"","meta":[],"_links":{"self":[{"href":"https:\/\/www.turskilt.no\/index.php?rest_route=\/wp\/v2\/pages\/103"}],"collection":[{"href":"https:\/\/www.turskilt.no\/index.php?rest_route=\/wp\/v2\/pages"}],"about":[{"href":"https:\/\/www.turskilt.no\/index.php?rest_route=\/wp\/v2\/types\/page"}],"author":[{"embeddable":true,"href":"https:\/\/www.turskilt.no\/index.php?rest_route=\/wp\/v2\/users\/5"}],"replies":[{"embeddable":true,"href":"https:\/\/www.turskilt.no\/index.php?rest_route=%2Fwp%2Fv2%2Fcomments&post=103"}],"version-history":[{"count":11,"href":"https:\/\/www.turskilt.no\/index.php?rest_route=\/wp\/v2\/pages\/103\/revisions"}],"predecessor-version":[{"id":721,"href":"https:\/\/www.turskilt.no\/index.php?rest_route=\/wp\/v2\/pages\/103\/revisions\/721"}],"wp:attachment":[{"href":"https:\/\/www.turskilt.no\/index.php?rest_route=%2Fwp%2Fv2%2Fmedia&parent=103"}],"curies":[{"name":"wp","href":"https:\/\/api.w.org\/{rel}","templated":true}]}}